{"id":961,"date":"2025-02-17T13:00:04","date_gmt":"2025-02-17T13:00:04","guid":{"rendered":"https:\/\/korrain.com\/?post_type=product&#038;p=961"},"modified":"2025-02-17T13:07:29","modified_gmt":"2025-02-17T13:07:29","slug":"ankraj","status":"publish","type":"product","link":"https:\/\/korrain.com\/it\/product-2\/ankraj\/","title":{"rendered":"Ancorare"},"content":{"rendered":"","protected":false},"excerpt":{"rendered":"<p class=\"p1\"><span class=\"s1\">Il sistema di ancoraggio, che garantisce un collegamento semplice, \u00e8 stato appositamente studiato per velocizzare e rendere pratico il processo di montaggio. Questo sistema offre un processo di installazione rapido, eliminando i complessi requisiti di installazione. Inoltre, garantisce durevolezza e stabilit\u00e0 nell'uso a lungo termine poich\u00e9 fornisce una connessione solida e affidabile. Questo sistema \u00e8 pratico sia per i team di installazione professionali che per i singoli utenti, fa risparmiare tempo e rende il processo di applicazione fluido ed efficiente.<\/span><\/p>","protected":false},"featured_media":963,"comment_status":"closed","ping_status":"closed","template":"","meta":{"_et_pb_use_builder":"","_et_pb_old_content":"","_et_gb_content_width":""},"product_brand":[],"product_cat":[35],"product_tag":[],"class_list":{"0":"post-961","1":"product","2":"type-product","3":"status-publish","4":"has-post-thumbnail","6":"product_cat-aksesuarlar","8":"first","9":"instock","10":"shipping-taxable","11":"product-type-simple"},"_links":{"self":[{"href":"https:\/\/korrain.com\/it\/wp-json\/wp\/v2\/product\/961","targetHints":{"allow":["GET"]}}],"collection":[{"href":"https:\/\/korrain.com\/it\/wp-json\/wp\/v2\/product"}],"about":[{"href":"https:\/\/korrain.com\/it\/wp-json\/wp\/v2\/types\/product"}],"replies":[{"embeddable":true,"href":"https:\/\/korrain.com\/it\/wp-json\/wp\/v2\/comments?post=961"}],"wp:featuredmedia":[{"embeddable":true,"href":"https:\/\/korrain.com\/it\/wp-json\/wp\/v2\/media\/963"}],"wp:attachment":[{"href":"https:\/\/korrain.com\/it\/wp-json\/wp\/v2\/media?parent=961"}],"wp:term":[{"taxonomy":"product_brand","embeddable":true,"href":"https:\/\/korrain.com\/it\/wp-json\/wp\/v2\/product_brand?post=961"},{"taxonomy":"product_cat","embeddable":true,"href":"https:\/\/korrain.com\/it\/wp-json\/wp\/v2\/product_cat?post=961"},{"taxonomy":"product_tag","embeddable":true,"href":"https:\/\/korrain.com\/it\/wp-json\/wp\/v2\/product_tag?post=961"}],"curies":[{"name":"wp","href":"https:\/\/api.w.org\/{rel}","templated":true}]}}