{"id":957,"date":"2025-02-17T12:52:30","date_gmt":"2025-02-17T12:52:30","guid":{"rendered":"https:\/\/korrain.com\/?post_type=product&#038;p=957"},"modified":"2025-02-17T16:01:56","modified_gmt":"2025-02-17T16:01:56","slug":"lockbox","status":"publish","type":"product","link":"https:\/\/korrain.com\/it\/product-2\/lockbox\/","title":{"rendered":"LockBox"},"content":{"rendered":"<div class=\"table-container\">\n<table style=\"width: 100%;\">\n<tbody>\n<tr>\n<th style=\"width: 17.9616%;\"><img decoding=\"async\" class=\"table-image\" src=\"https:\/\/korrain.com\/wp-content\/uploads\/2025\/02\/olcu-icon.webp\" alt=\"Resim 1\" \/><\/th>\n<th style=\"width: 17.7945%;\"><img decoding=\"async\" class=\"table-image\" src=\"https:\/\/korrain.com\/wp-content\/uploads\/2025\/02\/kg-icon.webp\" alt=\"Resim 1\" \/><\/th>\n<th style=\"width: 17.7945%;\"><img decoding=\"async\" class=\"table-image\" src=\"https:\/\/korrain.com\/wp-content\/uploads\/2025\/02\/boya-icon.webp\" alt=\"Resim 1\" \/><\/th>\n<th style=\"width: 17.9616%;\"><img decoding=\"async\" class=\"table-image\" src=\"https:\/\/korrain.com\/wp-content\/uploads\/2025\/02\/malzeme-icon.webp\" alt=\"Resim 1\" \/><\/th>\n<\/tr>\n<tr>\n<th style=\"width: 17.9616%;\">Dimensioni<\/th>\n<th style=\"width: 17.7945%;\">Peso<\/th>\n<th style=\"width: 17.7945%;\">Colore<\/th>\n<th style=\"width: 17.9616%;\">Materiale<\/th>\n<\/tr>\n<tr>\n<td style=\"width: 17.9616%;\">40x40x80 cm<\/td>\n<td style=\"width: 17.7945%;\">30 kg<\/td>\n<td style=\"width: 17.7945%;\">MN617 Texture<\/td>\n<td style=\"width: 17.9616%;\">Alluminio<\/td>\n<\/tr>\n<\/tbody>\n<\/table>\n<\/div>\n<p>&nbsp;<\/p>","protected":false},"excerpt":{"rendered":"<p class=\"p1\">LockBox Evde olmad\u0131\u011f\u0131n\u0131z zaman gelen kargolar\u0131n\u0131z\u0131 g\u00fcvenle teslim alman\u0131z i\u00e7in tasarlanm\u0131\u015f modern bir \u00e7\u00f6z\u00fcm sunar. \u015eifreli kilit sistemi sayesinde kargo elemanlar\u0131 paketlerinizi kolayca b\u0131rakabilir, siz de g\u00f6n\u00fcl rahatl\u0131\u011f\u0131yla teslim alabilirsiniz. Dayan\u0131kl\u0131 al\u00fcminyum yap\u0131s\u0131yla d\u0131\u015f etkenlere kar\u015f\u0131 uzun \u00f6m\u00fcrl\u00fc koruma sa\u011flar. LockBox, hem estetik hem de pratik bir \u00e7\u00f6z\u00fcm arayanlar i\u00e7in ideal bir tercihtir.<\/p>","protected":false},"featured_media":960,"comment_status":"closed","ping_status":"closed","template":"","meta":{"_et_pb_use_builder":"","_et_pb_old_content":"","_et_gb_content_width":""},"product_brand":[],"product_cat":[35],"product_tag":[],"class_list":{"0":"post-957","1":"product","2":"type-product","3":"status-publish","4":"has-post-thumbnail","6":"product_cat-aksesuarlar","8":"first","9":"instock","10":"shipping-taxable","11":"product-type-simple"},"_links":{"self":[{"href":"https:\/\/korrain.com\/it\/wp-json\/wp\/v2\/product\/957","targetHints":{"allow":["GET"]}}],"collection":[{"href":"https:\/\/korrain.com\/it\/wp-json\/wp\/v2\/product"}],"about":[{"href":"https:\/\/korrain.com\/it\/wp-json\/wp\/v2\/types\/product"}],"replies":[{"embeddable":true,"href":"https:\/\/korrain.com\/it\/wp-json\/wp\/v2\/comments?post=957"}],"wp:featuredmedia":[{"embeddable":true,"href":"https:\/\/korrain.com\/it\/wp-json\/wp\/v2\/media\/960"}],"wp:attachment":[{"href":"https:\/\/korrain.com\/it\/wp-json\/wp\/v2\/media?parent=957"}],"wp:term":[{"taxonomy":"product_brand","embeddable":true,"href":"https:\/\/korrain.com\/it\/wp-json\/wp\/v2\/product_brand?post=957"},{"taxonomy":"product_cat","embeddable":true,"href":"https:\/\/korrain.com\/it\/wp-json\/wp\/v2\/product_cat?post=957"},{"taxonomy":"product_tag","embeddable":true,"href":"https:\/\/korrain.com\/it\/wp-json\/wp\/v2\/product_tag?post=957"}],"curies":[{"name":"wp","href":"https:\/\/api.w.org\/{rel}","templated":true}]}}