{"id":904,"date":"2025-02-17T08:08:50","date_gmt":"2025-02-17T08:08:50","guid":{"rendered":"https:\/\/korrain.com\/?post_type=product&#038;p=904"},"modified":"2025-02-17T09:31:57","modified_gmt":"2025-02-17T09:31:57","slug":"vera-mono-left","status":"publish","type":"product","link":"https:\/\/korrain.com\/it\/product-2\/vera-mono-left\/","title":{"rendered":"Vera Mono Left"},"content":{"rendered":"<div class=\"table-container\">\n<table>\n<tbody>\n<tr>\n<th><\/th>\n<th><img decoding=\"async\" class=\"table-image\" src=\"https:\/\/korrain.com\/wp-content\/uploads\/2025\/02\/olcu-icon.webp\" alt=\"Resim 1\" \/><\/th>\n<th><img decoding=\"async\" class=\"table-image\" src=\"https:\/\/korrain.com\/wp-content\/uploads\/2025\/02\/kg-icon.webp\" alt=\"Resim 1\" \/><\/th>\n<th><img decoding=\"async\" class=\"table-image\" src=\"https:\/\/korrain.com\/wp-content\/uploads\/2025\/02\/boya-icon.webp\" alt=\"Resim 1\" \/><\/th>\n<th><img decoding=\"async\" class=\"table-image\" src=\"https:\/\/korrain.com\/wp-content\/uploads\/2025\/02\/malzeme-icon.webp\" alt=\"Resim 1\" \/><\/th>\n<th><img decoding=\"async\" class=\"table-image\" src=\"https:\/\/korrain.com\/wp-content\/uploads\/2025\/02\/yalitim-icon.webp\" alt=\"Resim 1\" \/><\/th>\n<\/tr>\n<tr>\n<th><\/th>\n<th>Dimensioni<\/th>\n<th>Peso<\/th>\n<th>Colore<\/th>\n<th>Materiale<\/th>\n<th>Isolamento<\/th>\n<\/tr>\n<tr>\n<td><img decoding=\"async\" class=\"table-image\" src=\"https:\/\/korrain.com\/wp-content\/uploads\/2025\/02\/vera-icon-01.webp\" alt=\"Resim 1\" \/><\/td>\n<td>15,5x90x200 cm<\/td>\n<td>30 kg<\/td>\n<td>MN617 Texture<\/td>\n<td>Alluminio<\/td>\n<td>Pannelli isolanti EPS<\/td>\n<\/tr>\n<tr>\n<td><img decoding=\"async\" class=\"table-image\" src=\"https:\/\/korrain.com\/wp-content\/uploads\/2025\/02\/vera-icon-02.webp\" alt=\"Resim 2\" \/><\/td>\n<td>\n<p class=\"p1\">14,5x50x220 cm<\/p>\n<\/td>\n<td>\n<p class=\"p1\">27 kg<\/p>\n<\/td>\n<td>MN617 Texture<\/td>\n<td>Alluminio<\/td>\n<td>Pannelli isolanti EPS<\/td>\n<\/tr>\n<\/tbody>\n<\/table>\n<\/div>\n<p>&nbsp;<\/p>","protected":false},"excerpt":{"rendered":"<p class=\"p1\">Combinando estetica moderna e funzionalit\u00e0, il modello Vera offre una soluzione elegante per gli ingressi esterni. Garantisce un aspetto elegante e sicuro nelle ore serali grazie ai dettagli di illuminazione integrati nella carrozzeria. Pur offrendo praticit\u00e0 presentando insieme il numero civico e la cassetta postale, si adatta a tutti gli spazi esterni grazie al suo design minimalista.<\/p>","protected":false},"featured_media":914,"comment_status":"closed","ping_status":"closed","template":"","meta":{"_et_pb_use_builder":"on","_et_pb_old_content":"<div class=\"table-container\">\r\n<table>\r\n<tbody>\r\n<tr>\r\n<th><\/th>\r\n<th><img class=\"table-image\" src=\"https:\/\/korrain.com\/wp-content\/uploads\/2025\/02\/olcu-icon.webp\" alt=\"Resim 1\" \/><\/th>\r\n<th><img class=\"table-image\" src=\"https:\/\/korrain.com\/wp-content\/uploads\/2025\/02\/kg-icon.webp\" alt=\"Resim 1\" \/><\/th>\r\n<th><img class=\"table-image\" src=\"https:\/\/korrain.com\/wp-content\/uploads\/2025\/02\/boya-icon.webp\" alt=\"Resim 1\" \/><\/th>\r\n<th><img class=\"table-image\" src=\"https:\/\/korrain.com\/wp-content\/uploads\/2025\/02\/malzeme-icon.webp\" alt=\"Resim 1\" \/><\/th>\r\n<th><img class=\"table-image\" src=\"https:\/\/korrain.com\/wp-content\/uploads\/2025\/02\/yalitim-icon.webp\" alt=\"Resim 1\" \/><\/th>\r\n<\/tr>\r\n<tr>\r\n<th><\/th>\r\n<th>\u00d6l\u00e7\u00fcler<\/th>\r\n<th>A\u011f\u0131rl\u0131k<\/th>\r\n<th>Renk<\/th>\r\n<th>Malzeme<\/th>\r\n<th>Yal\u0131t\u0131m<\/th>\r\n<\/tr>\r\n<tr>\r\n<td><img class=\"table-image\" src=\"https:\/\/korrain.com\/wp-content\/uploads\/2025\/02\/vera-icon-01.webp\" alt=\"Resim 1\" \/><\/td>\r\n<td>15,5x90x200 cm<\/td>\r\n<td>30 kg<\/td>\r\n<td>MN617 Texture<\/td>\r\n<td>Al\u00fcminyum<\/td>\r\n<td>EPS Yal\u0131t\u0131m Panelleri<\/td>\r\n<\/tr>\r\n<tr>\r\n<td><img class=\"table-image\" src=\"https:\/\/korrain.com\/wp-content\/uploads\/2025\/02\/vera-icon-02.webp\" alt=\"Resim 2\" \/><\/td>\r\n<td>\r\n<p class=\"p1\">14,5x50x220 cm<\/p>\r\n<\/td>\r\n<td>\r\n<p class=\"p1\">27 kg<\/p>\r\n<\/td>\r\n<td>MN617 Texture<\/td>\r\n<td>Al\u00fcminyum<\/td>\r\n<td>EPS Yal\u0131t\u0131m Panelleri<\/td>\r\n<\/tr>\r\n<\/tbody>\r\n<\/table>\r\n<\/div>\r\n&nbsp;","_et_gb_content_width":""},"product_brand":[],"product_cat":[24],"product_tag":[26,30,34],"class_list":{"0":"post-904","1":"product","2":"type-product","3":"status-publish","4":"has-post-thumbnail","6":"product_cat-vera","7":"product_tag-lux","8":"product_tag-takimmontaj","9":"product_tag-vera","11":"first","12":"instock","13":"shipping-taxable","14":"product-type-simple"},"_links":{"self":[{"href":"https:\/\/korrain.com\/it\/wp-json\/wp\/v2\/product\/904","targetHints":{"allow":["GET"]}}],"collection":[{"href":"https:\/\/korrain.com\/it\/wp-json\/wp\/v2\/product"}],"about":[{"href":"https:\/\/korrain.com\/it\/wp-json\/wp\/v2\/types\/product"}],"replies":[{"embeddable":true,"href":"https:\/\/korrain.com\/it\/wp-json\/wp\/v2\/comments?post=904"}],"wp:featuredmedia":[{"embeddable":true,"href":"https:\/\/korrain.com\/it\/wp-json\/wp\/v2\/media\/914"}],"wp:attachment":[{"href":"https:\/\/korrain.com\/it\/wp-json\/wp\/v2\/media?parent=904"}],"wp:term":[{"taxonomy":"product_brand","embeddable":true,"href":"https:\/\/korrain.com\/it\/wp-json\/wp\/v2\/product_brand?post=904"},{"taxonomy":"product_cat","embeddable":true,"href":"https:\/\/korrain.com\/it\/wp-json\/wp\/v2\/product_cat?post=904"},{"taxonomy":"product_tag","embeddable":true,"href":"https:\/\/korrain.com\/it\/wp-json\/wp\/v2\/product_tag?post=904"}],"curies":[{"name":"wp","href":"https:\/\/api.w.org\/{rel}","templated":true}]}}