{"id":1351,"date":"2026-03-25T13:51:52","date_gmt":"2026-03-25T13:51:52","guid":{"rendered":"https:\/\/korrain.com\/?post_type=product&#038;p=1351"},"modified":"2026-03-25T13:55:54","modified_gmt":"2026-03-25T13:55:54","slug":"basic-right","status":"publish","type":"product","link":"https:\/\/korrain.com\/it\/product-2\/basic-right\/","title":{"rendered":"Basic Right"},"content":{"rendered":"<div class=\"table-container\">\n<table>\n<tbody>\n<tr>\n<th><\/th>\n<th><img decoding=\"async\" class=\"table-image\" src=\"https:\/\/korrain.com\/wp-content\/uploads\/2025\/02\/olcu-icon.webp\" alt=\"Resim 1\" \/><\/th>\n<th><img decoding=\"async\" class=\"table-image\" src=\"https:\/\/korrain.com\/wp-content\/uploads\/2025\/02\/kg-icon.webp\" alt=\"Resim 1\" \/><\/th>\n<th><img decoding=\"async\" class=\"table-image\" src=\"https:\/\/korrain.com\/wp-content\/uploads\/2025\/02\/boya-icon.webp\" alt=\"Resim 1\" \/><\/th>\n<th><img decoding=\"async\" class=\"table-image\" src=\"https:\/\/korrain.com\/wp-content\/uploads\/2025\/02\/malzeme-icon.webp\" alt=\"Resim 1\" \/><\/th>\n<th><img decoding=\"async\" class=\"table-image\" src=\"https:\/\/korrain.com\/wp-content\/uploads\/2025\/02\/yalitim-icon.webp\" alt=\"Resim 1\" \/><\/th>\n<\/tr>\n<tr>\n<th><\/th>\n<th>Dimensioni<\/th>\n<th>Peso<\/th>\n<th>Colore<\/th>\n<th>Materiale<\/th>\n<th>Isolamento<\/th>\n<\/tr>\n<tr>\n<td><img decoding=\"async\" class=\"table-image\" src=\"https:\/\/korrain.com\/wp-content\/uploads\/2025\/02\/Sol-cati-icon.webp\" alt=\"Resim 1\" \/><\/td>\n<td>8,2x90x200 cm<\/td>\n<td>35 kg<\/td>\n<td>MN617 Texture<\/td>\n<td>Alluminio<\/td>\n<td>Pannelli isolanti EPS<\/td>\n<\/tr>\n<tr>\n<td><img decoding=\"async\" class=\"table-image\" src=\"https:\/\/korrain.com\/wp-content\/uploads\/2025\/02\/Sol-panel-icon.webp\" alt=\"Resim 2\" \/><\/td>\n<td>6,82x90x220 cm<\/td>\n<td>34 kg<\/td>\n<td>MN617 Texture<\/td>\n<td>Alluminio<\/td>\n<td>Pannelli isolanti EPS<\/td>\n<\/tr>\n<\/tbody>\n<\/table>\n<\/div>\n<p>&nbsp;<\/p>","protected":false},"excerpt":{"rendered":"<p>\u00d6l\u00e7\u00fcler A\u011f\u0131rl\u0131k Renk Malzeme Yal\u0131t\u0131m 8,2x90x200 cm 35 kg MN617 Texture Al\u00fcminyum EPS Yal\u0131t\u0131m Panelleri 6,82x90x220 cm 34 kg MN617 Texture Al\u00fcminyum EPS Yal\u0131t\u0131m Panelleri &nbsp;<\/p>","protected":false},"featured_media":1358,"comment_status":"closed","ping_status":"closed","template":"","meta":{"_et_pb_use_builder":"","_et_pb_old_content":"","_et_gb_content_width":""},"product_brand":[],"product_cat":[38],"product_tag":[39,30],"class_list":{"0":"post-1351","1":"product","2":"type-product","3":"status-publish","4":"has-post-thumbnail","6":"product_cat-basic","7":"product_tag-basic","8":"product_tag-takimmontaj","10":"first","11":"instock","12":"shipping-taxable","13":"product-type-simple"},"_links":{"self":[{"href":"https:\/\/korrain.com\/it\/wp-json\/wp\/v2\/product\/1351","targetHints":{"allow":["GET"]}}],"collection":[{"href":"https:\/\/korrain.com\/it\/wp-json\/wp\/v2\/product"}],"about":[{"href":"https:\/\/korrain.com\/it\/wp-json\/wp\/v2\/types\/product"}],"replies":[{"embeddable":true,"href":"https:\/\/korrain.com\/it\/wp-json\/wp\/v2\/comments?post=1351"}],"wp:featuredmedia":[{"embeddable":true,"href":"https:\/\/korrain.com\/it\/wp-json\/wp\/v2\/media\/1358"}],"wp:attachment":[{"href":"https:\/\/korrain.com\/it\/wp-json\/wp\/v2\/media?parent=1351"}],"wp:term":[{"taxonomy":"product_brand","embeddable":true,"href":"https:\/\/korrain.com\/it\/wp-json\/wp\/v2\/product_brand?post=1351"},{"taxonomy":"product_cat","embeddable":true,"href":"https:\/\/korrain.com\/it\/wp-json\/wp\/v2\/product_cat?post=1351"},{"taxonomy":"product_tag","embeddable":true,"href":"https:\/\/korrain.com\/it\/wp-json\/wp\/v2\/product_tag?post=1351"}],"curies":[{"name":"wp","href":"https:\/\/api.w.org\/{rel}","templated":true}]}}