{"id":387,"date":"2024-09-25T15:13:38","date_gmt":"2024-09-25T15:13:38","guid":{"rendered":"https:\/\/korrain.com\/?page_id=387"},"modified":"2025-04-09T12:26:46","modified_gmt":"2025-04-09T12:26:46","slug":"kalite","status":"publish","type":"page","link":"https:\/\/korrain.com\/en\/quality\/","title":{"rendered":"Quality"},"content":{"rendered":"<p>[et_pb_section fb_built=&#8221;1&#8243; admin_label=&#8221;Header&#8221; _builder_version=&#8221;4.27.0&#8243; _dynamic_attributes=&#8221;background_image&#8221; _module_preset=&#8221;default&#8221; background_color=&#8221;gcid-secondary-color&#8221; background_image=&#8221;@ET-DC@eyJkeW5hbWljIjp0cnVlLCJjb250ZW50Ijoic2l0ZV9sb2dvIiwic2V0dGluZ3MiOnt9fQ==@&#8221; background_size=&#8221;custom&#8221; background_image_width=&#8221;50%&#8221; background_position=&#8221;top_left&#8221; background_horizontal_offset=&#8221;-2%&#8221; background_vertical_offset=&#8221;29%&#8221; custom_padding=&#8221;0px||0px||false|false&#8221; background_last_edited=&#8221;on|phone&#8221; background_size_phone=&#8221;custom&#8221; background_image_width_phone=&#8221;120%&#8221; background_horizontal_offset_phone=&#8221;-10%&#8221; background_vertical_offset_phone=&#8221;-100%&#8221; box_shadow_style=&#8221;preset3&#8243; locked=&#8221;off&#8221; collapsed=&#8221;on&#8221; global_colors_info=&#8221;{%22gcid-secondary-color%22:%91%22background_color%22%93}&#8221;][et_pb_row _builder_version=&#8221;4.27.0&#8243; _module_preset=&#8221;default&#8221; filter_blur=&#8221;-4px&#8221; global_colors_info=&#8221;{}&#8221;][et_pb_column type=&#8221;4_4&#8243; _builder_version=&#8221;4.21.0&#8243; _module_preset=&#8221;default&#8221; global_colors_info=&#8221;{}&#8221;][et_pb_text _builder_version=&#8221;4.27.0&#8243; _dynamic_attributes=&#8221;content&#8221; _module_preset=&#8221;_initial&#8221; header_font=&#8221;Figtree|700|||||||&#8221; header_text_color=&#8221;gcid-secondary-color&#8221; header_font_size=&#8221;80px&#8221; header_line_height=&#8221;1.2em&#8221; header_2_font=&#8221;Montserrat|700|||||||&#8221; header_2_text_color=&#8221;#FFFFFF&#8221; header_font_size_tablet=&#8221;40px&#8221; header_font_size_phone=&#8221;24px&#8221; header_font_size_last_edited=&#8221;on|phone&#8221; global_colors_info=&#8221;{%22gcid-secondary-color%22:%91%22header_text_color%22%93}&#8221;]@ET-DC@eyJkeW5hbWljIjp0cnVlLCJjb250ZW50IjoicG9zdF90aXRsZSIsInNldHRpbmdzIjp7ImJlZm9yZSI6IjxoMj4iLCJhZnRlciI6IjwvaDI+In19@[\/et_pb_text][\/et_pb_column][\/et_pb_row][\/et_pb_section][et_pb_section fb_built=&#8221;1&#8243; admin_label=&#8221;About&#8221; _builder_version=&#8221;4.21.0&#8243; _module_preset=&#8221;default&#8221; collapsed=&#8221;on&#8221; global_colors_info=&#8221;{}&#8221;][et_pb_row column_structure=&#8221;1_2,1_2&#8243; _builder_version=&#8221;4.21.0&#8243; _module_preset=&#8221;default&#8221; global_colors_info=&#8221;{}&#8221;][et_pb_column type=&#8221;1_2&#8243; _builder_version=&#8221;4.21.0&#8243; _module_preset=&#8221;default&#8221; global_colors_info=&#8221;{}&#8221;][et_pb_text _builder_version=&#8221;4.21.0&#8243; _module_preset=&#8221;_initial&#8221; header_2_font=&#8221;Figtree|700|||||||&#8221; header_2_font_size=&#8221;60px&#8221; header_2_line_height=&#8221;1.2em&#8221; header_2_font_size_tablet=&#8221;32px&#8221; header_2_font_size_phone=&#8221;20px&#8221; header_2_font_size_last_edited=&#8221;on|desktop&#8221; global_colors_info=&#8221;{}&#8221;]<\/p>\n<h2>Quality Is Always Our Priority at Korrain.<\/h2>\n<p>[\/et_pb_text][et_pb_image src=&#8221;https:\/\/korrain.com\/wp-content\/uploads\/2024\/09\/Korrain-U.25.webp&#8221; title_text=&#8221;hone-slide-sun&#8221; _builder_version=&#8221;4.27.0&#8243; _module_preset=&#8221;default&#8221; background_enable_image=&#8221;off&#8221; border_radii=&#8221;on|5px|5px|5px|5px&#8221; global_colors_info=&#8221;{}&#8221;][\/et_pb_image][\/et_pb_column][et_pb_column type=&#8221;1_2&#8243; _builder_version=&#8221;4.21.0&#8243; _module_preset=&#8221;default&#8221; global_colors_info=&#8221;{}&#8221;][et_pb_text _builder_version=&#8221;4.27.0&#8243; _module_preset=&#8221;_initial&#8221; text_font=&#8221;Cabin||||||||&#8221; text_font_size=&#8221;16px&#8221; text_line_height=&#8221;1.8em&#8221; text_font_size_tablet=&#8221;15px&#8221; text_font_size_phone=&#8221;14px&#8221; text_font_size_last_edited=&#8221;on|desktop&#8221; global_colors_info=&#8221;{}&#8221;]<\/p>\n<div class=\"wpb_text_column wpb_content_element\">\n<div class=\"wpb_wrapper\">\n<p>At Korrain, we are committed to delivering products of the highest quality standards to our customers. Our quality control mechanisms are active throughout all processes, from production to assembly, ensuring meticulous attention at every stage. With premium materials, modern production technologies, and our experienced team, our ultimate goal is to provide long-lasting and aesthetically pleasing solutions.<\/p>\n<\/div>\n<\/div>\n<div class=\"vc_empty_space\"><\/div>\n<p>[\/et_pb_text][et_pb_text _builder_version=&#8221;4.27.0&#8243; _module_preset=&#8221;_initial&#8221; text_font=&#8221;Cabin||||||||&#8221; text_font_size=&#8221;16px&#8221; text_line_height=&#8221;1.8em&#8221; text_font_size_tablet=&#8221;15px&#8221; text_font_size_phone=&#8221;14px&#8221; text_font_size_last_edited=&#8221;on|desktop&#8221; global_colors_info=&#8221;{}&#8221;]<\/p>\n<div class=\"wpb_text_column wpb_content_element\">\n<div class=\"wpb_wrapper\">\n<p><span style=\"color: #333333; font-size: 22px;\">Material Quality:<\/span><\/p>\n<p><span style=\"font-size: large;\"><strong>Material Quality:<\/strong><\/span><\/p>\n<p>\u00dcr\u00fcnlerimizde yaln\u0131zca %100 al\u00fcminyum kullan\u0131yoruz. Al\u00fcminyumun do\u011fas\u0131ndaki dayan\u0131kl\u0131l\u0131k ve hafifli\u011fi en iyi \u015fekilde de\u011ferlendiriyoruz.<br \/>T\u00fcm malzemeler, hava ko\u015fullar\u0131na dayan\u0131kl\u0131 ve \u00e7evre dostu \u00f6zellikler ta\u015f\u0131yan materyallerden se\u00e7ilir.<\/p>\n<p><span style=\"font-size: large;\"><strong>Production Process<\/strong><\/span><\/p>\n<p class=\"translation-block\">At Korrain\u2019s production facilities, a precise manufacturing process is carried out using state-of-the-art machinery equipped with the latest technologies.\n\nOur products, crafted without screws or visible fasteners, offer flawless aesthetics and exceptional durability.<\/p>\n<p><span style=\"font-size: large;\"><strong>Quality Control Stages:<\/strong><\/span><\/p>\n<p>Each product undergoes rigorous quality control checks after production.\n\nProducts that successfully pass all tests for strength, durability, and functionality are subjected to a final inspection before being delivered to customers.\"<\/p>\n<\/div>\n<\/div>\n<div class=\"vc_empty_space\"><\/div>\n<p>[\/et_pb_text][\/et_pb_column][\/et_pb_row][et_pb_row _builder_version=&#8221;4.27.4&#8243; _module_preset=&#8221;default&#8221; column_structure=&#8221;2_5,3_5&#8243;][et_pb_column _builder_version=&#8221;4.27.4&#8243; _module_preset=&#8221;default&#8221; type=&#8221;2_5&#8243;][et_pb_image src=&#8221;https:\/\/korrain.com\/wp-content\/uploads\/2025\/04\/teknik-rapor.webp&#8221; _builder_version=&#8221;4.27.4&#8243; _module_preset=&#8221;default&#8221; title_text=&#8221;teknik-rapor&#8221; hover_enabled=&#8221;0&#8243; sticky_enabled=&#8221;0&#8243; show_in_lightbox=&#8221;on&#8221;][\/et_pb_image][\/et_pb_column][et_pb_column _builder_version=&#8221;4.27.4&#8243; _module_preset=&#8221;default&#8221; type=&#8221;3_5&#8243;][\/et_pb_column][\/et_pb_row][\/et_pb_section]<\/p>","protected":false},"excerpt":{"rendered":"<p>Korrain&#8217;de Kalite Her Zaman \u00d6nceli\u011fimizdir Korrain olarak, m\u00fc\u015fterilerimize en y\u00fcksek kalite standartlar\u0131nda \u00fcr\u00fcnler sunmay\u0131 taahh\u00fct ediyoruz. \u00dcretimden montaja kadar t\u00fcm s\u00fcre\u00e7lerde kalite kontrol mekanizmalar\u0131m\u0131z devrede olup, her a\u015famada titizlikle \u00e7al\u0131\u015f\u0131yoruz. Kaliteli malzemeler, modern \u00fcretim teknolojileri ve deneyimli ekibimizle, uzun \u00f6m\u00fcrl\u00fc ve estetik \u00e7\u00f6z\u00fcmler sunmak en b\u00fcy\u00fck hedefimizdir. Kalite Standartlar\u0131m\u0131z Malzeme Kalitesi: \u00dcr\u00fcnlerimizde yaln\u0131zca %100 al\u00fcminyum [&hellip;]<\/p>","protected":false},"author":1,"featured_media":0,"parent":0,"menu_order":0,"comment_status":"closed","ping_status":"closed","template":"","meta":{"_et_pb_use_builder":"on","_et_pb_old_content":"","_et_gb_content_width":"","footnotes":""},"difl_page_category":[],"class_list":["post-387","page","type-page","status-publish","hentry"],"_links":{"self":[{"href":"https:\/\/korrain.com\/en\/wp-json\/wp\/v2\/pages\/387","targetHints":{"allow":["GET"]}}],"collection":[{"href":"https:\/\/korrain.com\/en\/wp-json\/wp\/v2\/pages"}],"about":[{"href":"https:\/\/korrain.com\/en\/wp-json\/wp\/v2\/types\/page"}],"author":[{"embeddable":true,"href":"https:\/\/korrain.com\/en\/wp-json\/wp\/v2\/users\/1"}],"replies":[{"embeddable":true,"href":"https:\/\/korrain.com\/en\/wp-json\/wp\/v2\/comments?post=387"}],"version-history":[{"count":8,"href":"https:\/\/korrain.com\/en\/wp-json\/wp\/v2\/pages\/387\/revisions"}],"predecessor-version":[{"id":1237,"href":"https:\/\/korrain.com\/en\/wp-json\/wp\/v2\/pages\/387\/revisions\/1237"}],"wp:attachment":[{"href":"https:\/\/korrain.com\/en\/wp-json\/wp\/v2\/media?parent=387"}],"wp:term":[{"taxonomy":"difl_page_category","embeddable":true,"href":"https:\/\/korrain.com\/en\/wp-json\/wp\/v2\/difl_page_category?post=387"}],"curies":[{"name":"wp","href":"https:\/\/api.w.org\/{rel}","templated":true}]}}