{"id":956,"date":"2025-02-17T12:08:02","date_gmt":"2025-02-17T12:08:02","guid":{"rendered":"https:\/\/korrain.com\/?post_type=product&#038;p=956"},"modified":"2025-02-17T12:08:53","modified_gmt":"2025-02-17T12:08:53","slug":"flora","status":"publish","type":"product","link":"https:\/\/korrain.com\/de\/product-2\/flora\/","title":{"rendered":"Flora"},"content":{"rendered":"<div class=\"table-container\">\n<table style=\"width: 100%;\">\n<tbody>\n<tr>\n<th style=\"width: 27.3183%;\"><\/th>\n<th style=\"width: 17.9616%;\"><img decoding=\"async\" class=\"table-image\" src=\"https:\/\/korrain.com\/wp-content\/uploads\/2025\/02\/olcu-icon.webp\" alt=\"Resim 1\" \/><\/th>\n<th style=\"width: 17.7945%;\"><img decoding=\"async\" class=\"table-image\" src=\"https:\/\/korrain.com\/wp-content\/uploads\/2025\/02\/kg-icon.webp\" alt=\"Resim 1\" \/><\/th>\n<th style=\"width: 17.7945%;\"><img decoding=\"async\" class=\"table-image\" src=\"https:\/\/korrain.com\/wp-content\/uploads\/2025\/02\/boya-icon.webp\" alt=\"Resim 1\" \/><\/th>\n<th style=\"width: 17.9616%;\"><img decoding=\"async\" class=\"table-image\" src=\"https:\/\/korrain.com\/wp-content\/uploads\/2025\/02\/malzeme-icon.webp\" alt=\"Resim 1\" \/><\/th>\n<\/tr>\n<tr>\n<th style=\"width: 27.3183%;\">KOD<\/th>\n<th style=\"width: 17.9616%;\">Ma\u00dfe<\/th>\n<th style=\"width: 17.7945%;\">Gewicht<\/th>\n<th style=\"width: 17.7945%;\">Farbe<\/th>\n<th style=\"width: 17.9616%;\">Material<\/th>\n<\/tr>\n<tr>\n<td style=\"width: 27.3183%;\">KRR-FL-80<\/td>\n<td style=\"width: 17.9616%;\">35x35x80 cm<\/td>\n<td style=\"width: 17.7945%;\">25 kg<\/td>\n<td style=\"width: 17.7945%;\">MN617 Texture<\/td>\n<td style=\"width: 17.9616%;\">Aluminium<\/td>\n<\/tr>\n<tr>\n<td style=\"width: 27.3183%;\">KRR-FL-57<\/td>\n<td style=\"width: 17.9616%;\">\u00a035x35x57 cm<\/td>\n<td style=\"width: 17.7945%;\">30 kg<\/td>\n<td style=\"width: 17.7945%;\">MN617 Texture<\/td>\n<td style=\"width: 17.9616%;\">Aluminium<\/td>\n<\/tr>\n<tr>\n<td style=\"width: 27.3183%;\">KRR-FL-30<\/td>\n<td style=\"width: 17.9616%;\">\u00a035x35x30 cm<\/td>\n<td style=\"width: 17.7945%;\">30 kg<\/td>\n<td style=\"width: 17.7945%;\">MN617 Texture<\/td>\n<td style=\"width: 17.9616%;\">Aluminium<\/td>\n<\/tr>\n<\/tbody>\n<\/table>\n<\/div>\n<p>&nbsp;<\/p>","protected":false},"excerpt":{"rendered":"<p class=\"p1\">Flora ist mit seinem modernen Design und der langlebigen Aluminiumstruktur eine ideale L\u00f6sung zur Begr\u00fcnung Ihrer Eingangsbereiche. W\u00e4hrend es mit seinen eleganten Linien ein \u00e4sthetisches Erscheinungsbild bietet, ist es auch \u00e4u\u00dferst widerstandsf\u00e4hig gegen \u00e4u\u00dfere Einfl\u00fcsse. Es schafft ein stilvolles Zuhause f\u00fcr Ihre Pflanzen und verleiht Ihrem Wohnraum eine nat\u00fcrliche Note.<\/p>","protected":false},"featured_media":943,"comment_status":"closed","ping_status":"closed","template":"","meta":{"_et_pb_use_builder":"","_et_pb_old_content":"","_et_gb_content_width":""},"product_brand":[],"product_cat":[35],"product_tag":[],"class_list":{"0":"post-956","1":"product","2":"type-product","3":"status-publish","4":"has-post-thumbnail","6":"product_cat-aksesuarlar","8":"first","9":"instock","10":"shipping-taxable","11":"product-type-simple"},"_links":{"self":[{"href":"https:\/\/korrain.com\/de\/wp-json\/wp\/v2\/product\/956","targetHints":{"allow":["GET"]}}],"collection":[{"href":"https:\/\/korrain.com\/de\/wp-json\/wp\/v2\/product"}],"about":[{"href":"https:\/\/korrain.com\/de\/wp-json\/wp\/v2\/types\/product"}],"replies":[{"embeddable":true,"href":"https:\/\/korrain.com\/de\/wp-json\/wp\/v2\/comments?post=956"}],"wp:featuredmedia":[{"embeddable":true,"href":"https:\/\/korrain.com\/de\/wp-json\/wp\/v2\/media\/943"}],"wp:attachment":[{"href":"https:\/\/korrain.com\/de\/wp-json\/wp\/v2\/media?parent=956"}],"wp:term":[{"taxonomy":"product_brand","embeddable":true,"href":"https:\/\/korrain.com\/de\/wp-json\/wp\/v2\/product_brand?post=956"},{"taxonomy":"product_cat","embeddable":true,"href":"https:\/\/korrain.com\/de\/wp-json\/wp\/v2\/product_cat?post=956"},{"taxonomy":"product_tag","embeddable":true,"href":"https:\/\/korrain.com\/de\/wp-json\/wp\/v2\/product_tag?post=956"}],"curies":[{"name":"wp","href":"https:\/\/api.w.org\/{rel}","templated":true}]}}