{"id":933,"date":"2025-02-17T11:33:37","date_gmt":"2025-02-17T11:33:37","guid":{"rendered":"https:\/\/korrain.com\/?post_type=product&#038;p=933"},"modified":"2025-02-17T11:35:48","modified_gmt":"2025-02-17T11:35:48","slug":"vera-viela-mono-left","status":"publish","type":"product","link":"https:\/\/korrain.com\/de\/product-2\/vera-viela-mono-left\/","title":{"rendered":"Vera Viela Mono Left"},"content":{"rendered":"<div class=\"table-container\">\n<table>\n<tbody>\n<tr>\n<th><\/th>\n<th><img decoding=\"async\" class=\"table-image\" src=\"https:\/\/korrain.com\/wp-content\/uploads\/2025\/02\/olcu-icon.webp\" alt=\"Resim 1\" \/><\/th>\n<th><img decoding=\"async\" class=\"table-image\" src=\"https:\/\/korrain.com\/wp-content\/uploads\/2025\/02\/kg-icon.webp\" alt=\"Resim 1\" \/><\/th>\n<th><img decoding=\"async\" class=\"table-image\" src=\"https:\/\/korrain.com\/wp-content\/uploads\/2025\/02\/boya-icon.webp\" alt=\"Resim 1\" \/><\/th>\n<th><img decoding=\"async\" class=\"table-image\" src=\"https:\/\/korrain.com\/wp-content\/uploads\/2025\/02\/malzeme-icon.webp\" alt=\"Resim 1\" \/><\/th>\n<th><img decoding=\"async\" class=\"table-image\" src=\"https:\/\/korrain.com\/wp-content\/uploads\/2025\/02\/yalitim-icon.webp\" alt=\"Resim 1\" \/><\/th>\n<\/tr>\n<tr>\n<th><\/th>\n<th>Ma\u00dfe<\/th>\n<th>Gewicht<\/th>\n<th>Farbe<\/th>\n<th>Material<\/th>\n<th>Texture<\/th>\n<\/tr>\n<tr>\n<td><img decoding=\"async\" class=\"table-image\" src=\"https:\/\/korrain.com\/wp-content\/uploads\/2025\/02\/vera-icon-01.webp\" alt=\"Resim 1\" \/><\/td>\n<td>15,5x90x200 cm<\/td>\n<td>30 kg<\/td>\n<td>MN617 Texture<\/td>\n<td>Aluminium<\/td>\n<td>EPS-D\u00e4mmplatten<\/td>\n<\/tr>\n<tr>\n<td><img decoding=\"async\" class=\"table-image\" src=\"https:\/\/korrain.com\/wp-content\/uploads\/2025\/02\/vera-icon-02.webp\" alt=\"Resim 2\" \/><\/td>\n<td>\n<p class=\"p1\">14,5x50x220 cm<\/p>\n<\/td>\n<td>\n<p class=\"p1\">27 kg<\/p>\n<\/td>\n<td>MN617 Texture<\/td>\n<td>Aluminium<\/td>\n<td>EPS-D\u00e4mmplatten<\/td>\n<\/tr>\n<\/tbody>\n<\/table>\n<\/div>\n<p>&nbsp;<\/p>","protected":false},"excerpt":{"rendered":"<p class=\"p1\">Das Modell Vera vereint moderne \u00c4sthetik und Funktionalit\u00e4t und bietet eine elegante L\u00f6sung f\u00fcr Au\u00dfeneing\u00e4nge. Es sorgt mit in die Karosserie integrierten Lichtdetails f\u00fcr einen stilvollen und sicheren Auftritt in den Abendstunden. Es ist praktisch, da es die Hausnummer und den Briefkasten gleichzeitig pr\u00e4sentiert, passt sich aber mit seinem minimalistischen Design allen Au\u00dfenbereichen an<\/p>","protected":false},"featured_media":934,"comment_status":"closed","ping_status":"closed","template":"","meta":{"_et_pb_use_builder":"","_et_pb_old_content":"","_et_gb_content_width":""},"product_brand":[],"product_cat":[24],"product_tag":[30,34,28],"class_list":{"0":"post-933","1":"product","2":"type-product","3":"status-publish","4":"has-post-thumbnail","6":"product_cat-vera","7":"product_tag-takimmontaj","8":"product_tag-vera","9":"product_tag-viela","11":"first","12":"instock","13":"shipping-taxable","14":"product-type-simple"},"_links":{"self":[{"href":"https:\/\/korrain.com\/de\/wp-json\/wp\/v2\/product\/933","targetHints":{"allow":["GET"]}}],"collection":[{"href":"https:\/\/korrain.com\/de\/wp-json\/wp\/v2\/product"}],"about":[{"href":"https:\/\/korrain.com\/de\/wp-json\/wp\/v2\/types\/product"}],"replies":[{"embeddable":true,"href":"https:\/\/korrain.com\/de\/wp-json\/wp\/v2\/comments?post=933"}],"wp:featuredmedia":[{"embeddable":true,"href":"https:\/\/korrain.com\/de\/wp-json\/wp\/v2\/media\/934"}],"wp:attachment":[{"href":"https:\/\/korrain.com\/de\/wp-json\/wp\/v2\/media?parent=933"}],"wp:term":[{"taxonomy":"product_brand","embeddable":true,"href":"https:\/\/korrain.com\/de\/wp-json\/wp\/v2\/product_brand?post=933"},{"taxonomy":"product_cat","embeddable":true,"href":"https:\/\/korrain.com\/de\/wp-json\/wp\/v2\/product_cat?post=933"},{"taxonomy":"product_tag","embeddable":true,"href":"https:\/\/korrain.com\/de\/wp-json\/wp\/v2\/product_tag?post=933"}],"curies":[{"name":"wp","href":"https:\/\/api.w.org\/{rel}","templated":true}]}}