{"id":881,"date":"2025-02-16T13:33:10","date_gmt":"2025-02-16T13:33:10","guid":{"rendered":"https:\/\/korrain.com\/?post_type=product&#038;p=881"},"modified":"2025-03-20T13:18:22","modified_gmt":"2025-03-20T13:18:22","slug":"viela-compact-set","status":"publish","type":"product","link":"https:\/\/korrain.com\/de\/product-2\/viela-compact-set\/","title":{"rendered":"Viela Compact Set"},"content":{"rendered":"<div class=\"table-container\">\n<table>\n<tbody>\n<tr>\n<th><\/th>\n<th><img decoding=\"async\" class=\"table-image\" src=\"https:\/\/korrain.com\/wp-content\/uploads\/2025\/02\/olcu-icon.webp\" alt=\"Resim 1\" \/><\/th>\n<th><img decoding=\"async\" class=\"table-image\" src=\"https:\/\/korrain.com\/wp-content\/uploads\/2025\/02\/kg-icon.webp\" alt=\"Resim 1\" \/><\/th>\n<th><img decoding=\"async\" class=\"table-image\" src=\"https:\/\/korrain.com\/wp-content\/uploads\/2025\/02\/boya-icon.webp\" alt=\"Resim 1\" \/><\/th>\n<th><img decoding=\"async\" class=\"table-image\" src=\"https:\/\/korrain.com\/wp-content\/uploads\/2025\/02\/malzeme-icon.webp\" alt=\"Resim 1\" \/><\/th>\n<th><img decoding=\"async\" class=\"table-image\" src=\"https:\/\/korrain.com\/wp-content\/uploads\/2025\/02\/yalitim-icon.webp\" alt=\"Resim 1\" \/><\/th>\n<\/tr>\n<tr>\n<th><\/th>\n<th>Ma\u00dfe<\/th>\n<th>Gewicht<\/th>\n<th>Farbe<\/th>\n<th>Material<\/th>\n<th>Texture<\/th>\n<\/tr>\n<tr>\n<td><img decoding=\"async\" class=\"table-image\" src=\"https:\/\/korrain.com\/wp-content\/uploads\/2025\/02\/Sol-cati-icon.webp\" alt=\"Resim 1\" \/><\/td>\n<td>15,5x90x200 cm<\/td>\n<td>35 kg<\/td>\n<td>MN617 Texture<\/td>\n<td>Al\u00fcminyum+Kompakt<\/td>\n<td>EPS-D\u00e4mmplatten<\/td>\n<\/tr>\n<tr>\n<td><img decoding=\"async\" class=\"table-image\" src=\"https:\/\/korrain.com\/wp-content\/uploads\/2025\/02\/Sol-panel-icon.webp\" alt=\"Resim 2\" \/><\/td>\n<td>14,5x90x220 cm<\/td>\n<td>45 kg<\/td>\n<td>MN617 Texture<\/td>\n<td>Al\u00fcminyum+Kompakt<\/td>\n<td>EPS-D\u00e4mmplatten<\/td>\n<\/tr>\n<\/tbody>\n<\/table>\n<\/div>\n<p>&nbsp;<\/p>","protected":false},"excerpt":{"rendered":"<p class=\"p1\">Dieses Modell bietet verschiedene Farb- und Musteroptionen und ist eine \u00e4sthetische und anpassbare L\u00f6sung f\u00fcr Au\u00dfenbereiche. Seine robuste, kompakte Materialstruktur bietet ein langlebiges und auff\u00e4lliges Designerlebnis.<\/p>","protected":false},"featured_media":880,"comment_status":"closed","ping_status":"closed","template":"","meta":{"_et_pb_use_builder":"","_et_pb_old_content":"","_et_gb_content_width":""},"product_brand":[],"product_cat":[33],"product_tag":[30,28],"class_list":{"0":"post-881","1":"product","2":"type-product","3":"status-publish","4":"has-post-thumbnail","6":"product_cat-viela","7":"product_tag-takimmontaj","8":"product_tag-viela","10":"first","11":"instock","12":"shipping-taxable","13":"product-type-simple"},"_links":{"self":[{"href":"https:\/\/korrain.com\/de\/wp-json\/wp\/v2\/product\/881","targetHints":{"allow":["GET"]}}],"collection":[{"href":"https:\/\/korrain.com\/de\/wp-json\/wp\/v2\/product"}],"about":[{"href":"https:\/\/korrain.com\/de\/wp-json\/wp\/v2\/types\/product"}],"replies":[{"embeddable":true,"href":"https:\/\/korrain.com\/de\/wp-json\/wp\/v2\/comments?post=881"}],"wp:featuredmedia":[{"embeddable":true,"href":"https:\/\/korrain.com\/de\/wp-json\/wp\/v2\/media\/880"}],"wp:attachment":[{"href":"https:\/\/korrain.com\/de\/wp-json\/wp\/v2\/media?parent=881"}],"wp:term":[{"taxonomy":"product_brand","embeddable":true,"href":"https:\/\/korrain.com\/de\/wp-json\/wp\/v2\/product_brand?post=881"},{"taxonomy":"product_cat","embeddable":true,"href":"https:\/\/korrain.com\/de\/wp-json\/wp\/v2\/product_cat?post=881"},{"taxonomy":"product_tag","embeddable":true,"href":"https:\/\/korrain.com\/de\/wp-json\/wp\/v2\/product_tag?post=881"}],"curies":[{"name":"wp","href":"https:\/\/api.w.org\/{rel}","templated":true}]}}