{"id":372,"date":"2024-09-25T15:02:51","date_gmt":"2024-09-25T15:02:51","guid":{"rendered":"https:\/\/korrain.com\/?page_id=372"},"modified":"2024-09-26T07:32:34","modified_gmt":"2024-09-26T07:32:34","slug":"hakkimizda","status":"publish","type":"page","link":"https:\/\/korrain.com\/de\/hakkimizda\/","title":{"rendered":"Hakk\u0131m\u0131zda"},"content":{"rendered":"<p>[et_pb_section fb_built=&#8221;1&#8243; admin_label=&#8221;Header&#8221; _builder_version=&#8221;4.27.0&#8243; _dynamic_attributes=&#8221;background_image&#8221; _module_preset=&#8221;default&#8221; background_color=&#8221;gcid-secondary-color&#8221; background_image=&#8221;@ET-DC@eyJkeW5hbWljIjp0cnVlLCJjb250ZW50Ijoic2l0ZV9sb2dvIiwic2V0dGluZ3MiOnt9fQ==@&#8221; background_size=&#8221;custom&#8221; background_image_width=&#8221;50%&#8221; background_position=&#8221;top_left&#8221; background_horizontal_offset=&#8221;-2%&#8221; background_vertical_offset=&#8221;29%&#8221; custom_padding=&#8221;0px||0px||false|false&#8221; hover_enabled=&#8221;0&#8243; box_shadow_style=&#8221;preset3&#8243; locked=&#8221;off&#8221; collapsed=&#8221;on&#8221; global_colors_info=&#8221;{%22gcid-secondary-color%22:%91%22background_color%22%93}&#8221; background_last_edited=&#8221;on|phone&#8221; background_image_width_phone=&#8221;120%&#8221; background_size_phone=&#8221;custom&#8221; background_horizontal_offset_phone=&#8221;-10%&#8221; background_vertical_offset_phone=&#8221;-100%&#8221; sticky_enabled=&#8221;0&#8243;][et_pb_row _builder_version=&#8221;4.27.0&#8243; _module_preset=&#8221;default&#8221; filter_blur=&#8221;-4px&#8221; global_colors_info=&#8221;{}&#8221;][et_pb_column type=&#8221;4_4&#8243; _builder_version=&#8221;4.21.0&#8243; _module_preset=&#8221;default&#8221; global_colors_info=&#8221;{}&#8221;][et_pb_text _builder_version=&#8221;4.27.0&#8243; _dynamic_attributes=&#8221;content&#8221; _module_preset=&#8221;_initial&#8221; header_font=&#8221;Figtree|700|||||||&#8221; header_text_color=&#8221;gcid-secondary-color&#8221; header_font_size=&#8221;80px&#8221; header_line_height=&#8221;1.2em&#8221; header_2_font=&#8221;Montserrat|700|||||||&#8221; header_2_text_color=&#8221;#FFFFFF&#8221; header_font_size_tablet=&#8221;40px&#8221; header_font_size_phone=&#8221;24px&#8221; header_font_size_last_edited=&#8221;on|phone&#8221; global_colors_info=&#8221;{%22gcid-secondary-color%22:%91%22header_text_color%22%93}&#8221;]@ET-DC@eyJkeW5hbWljIjp0cnVlLCJjb250ZW50IjoicG9zdF90aXRsZSIsInNldHRpbmdzIjp7ImJlZm9yZSI6IjxoMj4iLCJhZnRlciI6IjwvaDI+In19@[\/et_pb_text][\/et_pb_column][\/et_pb_row][\/et_pb_section][et_pb_section fb_built=&#8221;1&#8243; admin_label=&#8221;About&#8221; _builder_version=&#8221;4.21.0&#8243; _module_preset=&#8221;default&#8221; collapsed=&#8221;on&#8221; global_colors_info=&#8221;{}&#8221;][et_pb_row column_structure=&#8221;1_2,1_2&#8243; _builder_version=&#8221;4.21.0&#8243; _module_preset=&#8221;default&#8221; global_colors_info=&#8221;{}&#8221;][et_pb_column type=&#8221;1_2&#8243; _builder_version=&#8221;4.21.0&#8243; _module_preset=&#8221;default&#8221; global_colors_info=&#8221;{}&#8221;][et_pb_text _builder_version=&#8221;4.21.0&#8243; _module_preset=&#8221;_initial&#8221; header_2_font=&#8221;Figtree|700|||||||&#8221; header_2_font_size=&#8221;60px&#8221; header_2_line_height=&#8221;1.2em&#8221; header_2_font_size_tablet=&#8221;32px&#8221; header_2_font_size_phone=&#8221;20px&#8221; header_2_font_size_last_edited=&#8221;on|desktop&#8221; global_colors_info=&#8221;{}&#8221;]<\/p>\n<h2>Innovative und \u00e4sthetische L\u00f6sungen mit der Kraft von Aluminium<\/h2>\n<p>[\/et_pb_text][et_pb_image src=&#8221;https:\/\/korrain.com\/wp-content\/uploads\/2024\/09\/fabrika-1.webp&#8221; title_text=&#8221;fabrika-1&#8243; _builder_version=&#8221;4.27.0&#8243; _module_preset=&#8221;default&#8221; background_enable_image=&#8221;off&#8221; border_radii=&#8221;on|6px|6px|6px|6px&#8221; global_colors_info=&#8221;{}&#8221;][\/et_pb_image][\/et_pb_column][et_pb_column type=&#8221;1_2&#8243; _builder_version=&#8221;4.21.0&#8243; _module_preset=&#8221;default&#8221; global_colors_info=&#8221;{}&#8221;][et_pb_text _builder_version=&#8221;4.27.0&#8243; _module_preset=&#8221;_initial&#8221; text_font=&#8221;Cabin||||||||&#8221; text_font_size=&#8221;16px&#8221; text_line_height=&#8221;1.8em&#8221; text_font_size_tablet=&#8221;15px&#8221; text_font_size_phone=&#8221;14px&#8221; text_font_size_last_edited=&#8221;on|desktop&#8221; global_colors_info=&#8221;{}&#8221;]<\/p>\n<div class=\"wpb_text_column wpb_content_element\">\n<div class=\"wpb_wrapper\">\n<p class=\"translation-block\">Korrain ist eine Untermarke von Koraks Aluminum, das auf innovative Aluminiumsysteme spezialisiert ist. Koraks Al\u00fcminyum ist ein etabliertes Unternehmen mit Sitz im privaten Industriegebiet B\u00fcsan in Konya, das sich mit seinen hochtechnologischen Produktionsanlagen und qualit\u00e4tsorientierten Produktionsprozessen in der Branche einen Namen gemacht hat.<\/p>\n<p>Korrain-Produkte, die mit der langj\u00e4hrigen Erfahrung und fortschrittlichen Technologie von Koraks Aluminum hergestellt werden, bieten Regen- und Windschutzsysteme, die speziell f\u00fcr moderne Eingangsbereiche entwickelt wurden. Bei unseren Produkten kommen CNC-Drehmaschinen und Bearbeitungszentren sowie mechanische Bearbeitungs-, Polier- und technische Eloxierungsverfahren zum Einsatz, die Koraks in den Produktionsprozessen einsetzt. Auf diese Weise bieten Korrain-Systeme eine langlebige, haltbare und \u00e4sthetisch perfekte L\u00f6sung.<\/p>\n<p><strong>Die Qualit\u00e4tsprinzipien von Koraks werden in Korrain zum Leben erweckt<\/strong><br \/>Die Produktionsphilosophie von Koraks Aluminum basiert auf der Erreichung h\u00f6chster Qualit\u00e4tsstandards. Die Produktionsschritte, die mit CNC-Prozessen beginnen und mit detaillierten Prozessen wie dem Eloxieren fortgesetzt werden, verleihen den Produkten von Korrain eine einzigartige Haltbarkeit und Eleganz. Bei der Herstellung von Korrain-Produkten sowie bei den Zubeh\u00f6r- und Montageger\u00e4ten von Koraks Aluminum steht hohe Qualit\u00e4t im Vordergrund und dieses Qualit\u00e4tsverst\u00e4ndnis spiegelt sich in allen unseren Produkten wider.<\/p>\n<p>Korrain verleiht Wohnr\u00e4umen sowohl Funktionalit\u00e4t als auch \u00c4sthetik, indem es moderne und \u00e4sthetische Aluminiumsysteml\u00f6sungen anbietet, die f\u00fcr jeden Geb\u00e4udetyp geeignet sind. Unsere Regenmantel- und Windschutzsysteme, die Eingangsbereichen Eleganz verleihen, entstehen durch die fortschrittliche Technologie und das fachkundige Personal von Koraks.<\/p>\n<\/div>\n<\/div>\n<div class=\"vc_empty_space\"><\/div>\n<p>[\/et_pb_text][\/et_pb_column][\/et_pb_row][\/et_pb_section][et_pb_section fb_built=&#8221;1&#8243; admin_label=&#8221;Services&#8221; _builder_version=&#8221;4.27.0&#8243; _module_preset=&#8221;default&#8221; background_color=&#8221;gcid-613c72bb-e715-4004-8044-fd9a3b125a29&#8243; custom_margin=&#8221;0px||0px||false|false&#8221; custom_padding=&#8221;0px||0px||false|false&#8221; locked=&#8221;off&#8221; collapsed=&#8221;on&#8221; global_colors_info=&#8221;{%22gcid-613c72bb-e715-4004-8044-fd9a3b125a29%22:%91%22background_color%22%93}&#8221;][et_pb_row column_structure=&#8221;1_2,1_2&#8243; _builder_version=&#8221;4.27.0&#8243; _module_preset=&#8221;default&#8221; width=&#8221;100%&#8221; max_width=&#8221;none&#8221; custom_padding=&#8221;0px||0px||false|false&#8221; global_colors_info=&#8221;{}&#8221;][et_pb_column type=&#8221;1_2&#8243; _builder_version=&#8221;4.27.0&#8243; _module_preset=&#8221;default&#8221; global_colors_info=&#8221;{}&#8221;][et_pb_image src=&#8221;https:\/\/korrain.com\/wp-content\/uploads\/2024\/09\/about2.webp&#8221; title_text=&#8221;about2&#8243; _builder_version=&#8221;4.27.0&#8243; _module_preset=&#8221;default&#8221; custom_margin=&#8221;1px|||||&#8221; locked=&#8221;off&#8221; global_colors_info=&#8221;{}&#8221;][\/et_pb_image][\/et_pb_column][et_pb_column type=&#8221;1_2&#8243; _builder_version=&#8221;4.27.0&#8243; _module_preset=&#8221;default&#8221; custom_padding=&#8221;|149px||0px|false|false&#8221; custom_padding_tablet=&#8221;|149px||0px|false|false&#8221; custom_padding_phone=&#8221;|28px||19px|false|false&#8221; custom_padding_last_edited=&#8221;on|phone&#8221; global_colors_info=&#8221;{}&#8221;][et_pb_text _builder_version=&#8221;4.27.0&#8243; _module_preset=&#8221;_initial&#8221; header_2_font=&#8221;Montserrat|700|||||||&#8221; header_2_font_size=&#8221;47px&#8221; header_2_line_height=&#8221;1.2em&#8221; custom_margin=&#8221;41px||||false|false&#8221; header_2_font_size_tablet=&#8221;32px&#8221; header_2_font_size_phone=&#8221;20px&#8221; header_2_font_size_last_edited=&#8221;on|desktop&#8221; locked=&#8221;off&#8221; global_colors_info=&#8221;{}&#8221;]<\/p>\n<h2>Unsere Werte<\/h2>\n<p>[\/et_pb_text][et_pb_blurb title=&#8221;M\u00fc\u015fteri Memnuniyeti&#8221; use_icon=&#8221;on&#8221; font_icon=&#8221;&#xe0dd;||divi||400&#8243; icon_color=&#8221;#FFFFFF&#8221; image_icon_background_color=&#8221;gcid-secondary-color&#8221; icon_placement=&#8221;left&#8221; image_icon_width=&#8221;22px&#8221; content_max_width=&#8221;100%&#8221; _builder_version=&#8221;4.27.0&#8243; _module_preset=&#8221;_initial&#8221; header_font=&#8221;Figtree|700|||||||&#8221; header_font_size=&#8221;24px&#8221; header_line_height=&#8221;1.4em&#8221; body_font=&#8221;Cabin||||||||&#8221; body_font_size=&#8221;16px&#8221; image_icon_custom_padding=&#8221;20px|20px|20px|20px|true|true&#8221; custom_margin=&#8221;||20px||false|false&#8221; custom_padding=&#8221;||0px||false|false&#8221; animation=&#8221;off&#8221; header_font_size_tablet=&#8221;20px&#8221; header_font_size_phone=&#8221;16px&#8221; header_font_size_last_edited=&#8221;on|phone&#8221; body_font_size_tablet=&#8221;15px&#8221; body_font_size_phone=&#8221;14px&#8221; body_font_size_last_edited=&#8221;on|desktop&#8221; border_radii_image=&#8221;on|100px|100px|100px|100px&#8221; global_colors_info=&#8221;{%22gcid-secondary-color%22:%91%22image_icon_background_color%22%93}&#8221;]<\/p>\n<p>Die Bed\u00fcrfnisse unserer Kunden zu verstehen und ihre Erwartungen zu \u00fcbertreffen, ist unsere Priorit\u00e4t. Unser Ziel ist es, mit unserem Support vor und nach dem Verkauf das beste Erlebnis zu bieten.<\/p>\n<p>[\/et_pb_blurb][et_pb_blurb title=&#8221;Y\u00fcksek Kalite Standartlar\u0131&#8221; use_icon=&#8221;on&#8221; font_icon=&#8221;&#xf5ae;||fa||900&#8243; icon_color=&#8221;#FFFFFF&#8221; image_icon_background_color=&#8221;gcid-secondary-color&#8221; icon_placement=&#8221;left&#8221; image_icon_width=&#8221;22px&#8221; content_max_width=&#8221;100%&#8221; _builder_version=&#8221;4.27.0&#8243; _module_preset=&#8221;_initial&#8221; header_font=&#8221;Figtree|700|||||||&#8221; header_font_size=&#8221;24px&#8221; header_line_height=&#8221;1.4em&#8221; body_font=&#8221;Cabin||||||||&#8221; body_font_size=&#8221;16px&#8221; image_icon_custom_padding=&#8221;20px|20px|20px|20px|true|true&#8221; custom_margin=&#8221;||20px||false|false&#8221; animation=&#8221;off&#8221; header_font_size_tablet=&#8221;20px&#8221; header_font_size_phone=&#8221;16px&#8221; header_font_size_last_edited=&#8221;on|phone&#8221; body_font_size_tablet=&#8221;15px&#8221; body_font_size_phone=&#8221;14px&#8221; body_font_size_last_edited=&#8221;on|desktop&#8221; border_radii_image=&#8221;on|100px|100px|100px|100px&#8221; global_colors_info=&#8221;{%22gcid-secondary-color%22:%91%22image_icon_background_color%22%93,%22gcid-primary-color%22:%91%22image_icon_background_color%22%93}&#8221;]<\/p>\n<p>Alle unsere Produkte durchlaufen strengste Qualit\u00e4tskontrollprozesse. Langlebigkeit, Funktionalit\u00e4t und \u00c4sthetik sind die Grundprinzipien unserer Produktion.<\/p>\n<p>[\/et_pb_blurb][et_pb_blurb title=&#8221;\u00c7evre Dostu \u00dcretim&#8221; use_icon=&#8221;on&#8221; font_icon=&#8221;&#xf299;||fa||400&#8243; icon_color=&#8221;#FFFFFF&#8221; image_icon_background_color=&#8221;gcid-secondary-color&#8221; icon_placement=&#8221;left&#8221; image_icon_width=&#8221;22px&#8221; content_max_width=&#8221;100%&#8221; _builder_version=&#8221;4.27.0&#8243; _module_preset=&#8221;_initial&#8221; header_font=&#8221;Figtree|700|||||||&#8221; header_font_size=&#8221;24px&#8221; header_line_height=&#8221;1.4em&#8221; body_font=&#8221;Cabin||||||||&#8221; body_font_size=&#8221;16px&#8221; image_icon_custom_padding=&#8221;20px|20px|20px|20px|true|true&#8221; custom_margin=&#8221;||20px||false|false&#8221; animation=&#8221;off&#8221; header_font_size_tablet=&#8221;20px&#8221; header_font_size_phone=&#8221;16px&#8221; header_font_size_last_edited=&#8221;on|phone&#8221; body_font_size_tablet=&#8221;15px&#8221; body_font_size_phone=&#8221;14px&#8221; body_font_size_last_edited=&#8221;on|desktop&#8221; border_radii_image=&#8221;on|100px|100px|100px|100px&#8221; global_colors_info=&#8221;{%22gcid-secondary-color%22:%91%22image_icon_background_color%22%93,%22gcid-primary-color%22:%91%22image_icon_background_color%22%93}&#8221;]<\/p>\n<p>Durch den Einsatz umweltschonender Produktionsverfahren bevorzugen wir recycelbare Materialien und achten auf Energieeffizienz.<\/p>\n<p>[\/et_pb_blurb][et_pb_blurb title=&#8221;S\u00fcrekli Yenilik&#8221; use_icon=&#8221;on&#8221; font_icon=&#8221;&#xf565;||fa||900&#8243; icon_color=&#8221;#FFFFFF&#8221; image_icon_background_color=&#8221;gcid-primary-color&#8221; icon_placement=&#8221;left&#8221; image_icon_width=&#8221;22px&#8221; content_max_width=&#8221;100%&#8221; _builder_version=&#8221;4.27.0&#8243; _module_preset=&#8221;_initial&#8221; header_font=&#8221;Figtree|700|||||||&#8221; header_font_size=&#8221;24px&#8221; header_line_height=&#8221;1.4em&#8221; body_font=&#8221;Cabin||||||||&#8221; body_font_size=&#8221;16px&#8221; image_icon_custom_padding=&#8221;20px|20px|20px|20px|true|true&#8221; animation=&#8221;off&#8221; header_font_size_tablet=&#8221;20px&#8221; header_font_size_phone=&#8221;16px&#8221; header_font_size_last_edited=&#8221;on|phone&#8221; body_font_size_tablet=&#8221;15px&#8221; body_font_size_phone=&#8221;14px&#8221; body_font_size_last_edited=&#8221;on|desktop&#8221; border_radii_image=&#8221;on|100px|100px|100px|100px&#8221; global_colors_info=&#8221;{%22gcid-primary-color%22:%91%22image_icon_background_color%22,%22image_icon_background_color%22%93}&#8221;]<\/p>\n<p>Indem wir die Entwicklungen in der Branche aufmerksam verfolgen, integrieren wir innovative Technologien in unsere Produkte und streben stets danach, bessere Angebote zu machen.<\/p>\n<p>[\/et_pb_blurb][\/et_pb_column][\/et_pb_row][\/et_pb_section][et_pb_section fb_built=&#8221;1&#8243; _builder_version=&#8221;4.27.0&#8243; _module_preset=&#8221;default&#8221; background_enable_pattern_style=&#8221;on&#8221; background_pattern_style=&#8221;3d-diamonds&#8221; background_pattern_color=&#8221;rgba(0,111,117,0.06)&#8221; background_pattern_size=&#8221;custom&#8221; background_pattern_width=&#8221;1000px&#8221; background_pattern_vertical_offset=&#8221;0%&#8221; background_pattern_repeat=&#8221;repeat-x&#8221; locked=&#8221;off&#8221; global_colors_info=&#8221;{}&#8221;][et_pb_row _builder_version=&#8221;4.27.0&#8243; _module_preset=&#8221;default&#8221; global_colors_info=&#8221;{}&#8221;][et_pb_column type=&#8221;4_4&#8243; _builder_version=&#8221;4.27.0&#8243; _module_preset=&#8221;default&#8221; global_colors_info=&#8221;{}&#8221;][et_pb_image src=&#8221;https:\/\/korrain.com\/wp-content\/uploads\/2024\/09\/koraks1.webp&#8221; title_text=&#8221;koraks1&#8243; align=&#8221;center&#8221; _builder_version=&#8221;4.27.0&#8243; _module_preset=&#8221;default&#8221; global_colors_info=&#8221;{}&#8221;][\/et_pb_image][\/et_pb_column][\/et_pb_row][et_pb_row column_structure=&#8221;1_3,1_3,1_3&#8243; _builder_version=&#8221;4.27.0&#8243; _module_preset=&#8221;default&#8221; global_colors_info=&#8221;{}&#8221;][et_pb_column type=&#8221;1_3&#8243; _builder_version=&#8221;4.27.0&#8243; _module_preset=&#8221;default&#8221; global_colors_info=&#8221;{}&#8221;][et_pb_image src=&#8221;https:\/\/korrain.com\/wp-content\/uploads\/2024\/09\/korfit.webp&#8221; title_text=&#8221;korfit&#8221; url=&#8221;https:\/\/www.korfitil.com\/&#8221; _builder_version=&#8221;4.27.0&#8243; _module_preset=&#8221;default&#8221; border_radii=&#8221;on|8px|8px|8px|8px&#8221; box_shadow_style=&#8221;preset3&#8243; global_colors_info=&#8221;{}&#8221; box_shadow_vertical__hover_enabled=&#8221;on|hover&#8221; box_shadow_vertical__hover=&#8221;-3px&#8221; box_shadow_blur__hover_enabled=&#8221;on|hover&#8221; box_shadow_blur__hover=&#8221;0px&#8221;][\/et_pb_image][\/et_pb_column][et_pb_column type=&#8221;1_3&#8243; _builder_version=&#8221;4.27.0&#8243; _module_preset=&#8221;default&#8221; global_colors_info=&#8221;{}&#8221;][et_pb_image src=&#8221;https:\/\/korrain.com\/wp-content\/uploads\/2024\/09\/aldegard.webp&#8221; title_text=&#8221;aldegard&#8221; url=&#8221;https:\/\/aldegard.com\/&#8221; _builder_version=&#8221;4.27.0&#8243; _module_preset=&#8221;default&#8221; border_radii=&#8221;on|8px|8px|8px|8px&#8221; box_shadow_style=&#8221;preset3&#8243; global_colors_info=&#8221;{}&#8221; box_shadow_vertical__hover_enabled=&#8221;on|hover&#8221; box_shadow_vertical__hover=&#8221;-3px&#8221; box_shadow_blur__hover_enabled=&#8221;on|hover&#8221; box_shadow_blur__hover=&#8221;0px&#8221;][\/et_pb_image][\/et_pb_column][et_pb_column type=&#8221;1_3&#8243; _builder_version=&#8221;4.27.0&#8243; _module_preset=&#8221;default&#8221; global_colors_info=&#8221;{}&#8221;][et_pb_image src=&#8221;https:\/\/korrain.com\/wp-content\/uploads\/2024\/09\/himka.webp&#8221; title_text=&#8221;himka&#8221; url=&#8221;https:\/\/www.himkapvc.com\/&#8221; _builder_version=&#8221;4.27.0&#8243; _module_preset=&#8221;default&#8221; border_radii=&#8221;on|8px|8px|8px|8px&#8221; box_shadow_style=&#8221;preset3&#8243; global_colors_info=&#8221;{}&#8221; box_shadow_vertical__hover_enabled=&#8221;on|hover&#8221; box_shadow_vertical__hover=&#8221;-3px&#8221; box_shadow_blur__hover_enabled=&#8221;on|hover&#8221; box_shadow_blur__hover=&#8221;0px&#8221;][\/et_pb_image][\/et_pb_column][\/et_pb_row][\/et_pb_section]<\/p>","protected":false},"excerpt":{"rendered":"<p>Al\u00fcminyum&#8217;un G\u00fcc\u00fcyle Yenilik\u00e7i ve Estetik \u00c7\u00f6z\u00fcmler Korrain, yenilik\u00e7i al\u00fcminyum sistemler konusunda uzmanla\u015fm\u0131\u015f olan Koraks Al\u00fcminyum firmas\u0131n\u0131n bir alt markas\u0131d\u0131r. Koraks Al\u00fcminyum, Konya \u00d6zel B\u00fcsan Organize Sanayi B\u00f6lgesi&#8217;nde kurulu, y\u00fcksek teknolojili \u00fcretim tesisleri ve kalite odakl\u0131 \u00fcretim s\u00fcre\u00e7leri ile sekt\u00f6rde ad\u0131n\u0131 duyurmu\u015f k\u00f6kl\u00fc bir firmad\u0131r. Koraks Al\u00fcminyum&#8217;un y\u0131llara dayanan deneyimi ve ileri teknolojisiyle \u00fcretilen Korrain \u00fcr\u00fcnleri, [&hellip;]<\/p>","protected":false},"author":1,"featured_media":0,"parent":0,"menu_order":0,"comment_status":"closed","ping_status":"closed","template":"","meta":{"_et_pb_use_builder":"on","_et_pb_old_content":"","_et_gb_content_width":"","footnotes":""},"difl_page_category":[],"class_list":["post-372","page","type-page","status-publish","hentry"],"_links":{"self":[{"href":"https:\/\/korrain.com\/de\/wp-json\/wp\/v2\/pages\/372","targetHints":{"allow":["GET"]}}],"collection":[{"href":"https:\/\/korrain.com\/de\/wp-json\/wp\/v2\/pages"}],"about":[{"href":"https:\/\/korrain.com\/de\/wp-json\/wp\/v2\/types\/page"}],"author":[{"embeddable":true,"href":"https:\/\/korrain.com\/de\/wp-json\/wp\/v2\/users\/1"}],"replies":[{"embeddable":true,"href":"https:\/\/korrain.com\/de\/wp-json\/wp\/v2\/comments?post=372"}],"version-history":[{"count":8,"href":"https:\/\/korrain.com\/de\/wp-json\/wp\/v2\/pages\/372\/revisions"}],"predecessor-version":[{"id":489,"href":"https:\/\/korrain.com\/de\/wp-json\/wp\/v2\/pages\/372\/revisions\/489"}],"wp:attachment":[{"href":"https:\/\/korrain.com\/de\/wp-json\/wp\/v2\/media?parent=372"}],"wp:term":[{"taxonomy":"difl_page_category","embeddable":true,"href":"https:\/\/korrain.com\/de\/wp-json\/wp\/v2\/difl_page_category?post=372"}],"curies":[{"name":"wp","href":"https:\/\/api.w.org\/{rel}","templated":true}]}}